{"id":3803,"date":"2019-11-14T12:15:03","date_gmt":"2019-11-14T11:15:03","guid":{"rendered":"https:\/\/www.mibox.nl\/over-ons\/"},"modified":"2022-07-14T14:09:01","modified_gmt":"2022-07-14T12:09:01","slug":"about-us","status":"publish","type":"page","link":"https:\/\/www.mibox.nl\/en\/about-us\/","title":{"rendered":"About us"},"content":{"rendered":"<div class=\"wpb-content-wrapper\">[vc_row full_width=&#8221;stretch_row_content_no_spaces&#8221; wpex_bg_overlay=&#8221;dark&#8221; css=&#8221;.vc_custom_1584539505550{padding-top: 90px !important;padding-bottom: 60px !important;background-image: url(https:\/\/www.mibox.nl\/wp-content\/uploads\/2020\/03\/formeuse-carton-MIBOXservices.jpg?id=3667) !important;background-position: center !important;background-repeat: no-repeat !important;background-size: cover !important;}&#8221; wpex_bg_overlay_opacity=&#8221;0.4&#8243; wpex_bg_position=&#8221;top center&#8221; visibility=&#8221;hidden-phone&#8221;][vc_column]<style>.vcex-heading.vcex_69ea43f6d8a9f{color:#ffffff;font-size:54px;line-height:64px;}<\/style><h1 class=\"vcex-heading vcex-heading-plain vcex-module wpex-heading wpex-text-2xl wpex-text-center vcex_69ea43f6d8a9f\"><span class=\"vcex-heading-inner wpex-inline-block\">About Mibox<\/span><\/h1>[\/vc_column][\/vc_row][vc_row visibility=&#8221;visible-phone&#8221;][vc_column][vc_single_image image=&#8221;4172&#8243; img_size=&#8221;740&#215;280&#8243; add_caption=&#8221;yes&#8221; alignment=&#8221;center&#8221; img_caption=&#8221;Klantenservice Mibox&#8221;][\/vc_column][\/vc_row][vc_row disable_element=&#8221;yes&#8221; visibility=&#8221;visible-phone&#8221;][vc_column]<style>.vcex-heading.vcex_69ea43f6d924f{font-size:48px;line-height:40px;}@media (max-width:959px){.vcex-heading.vcex_69ea43f6d924f{font-size:30px;}}@media (max-width:767px){.vcex-heading.vcex_69ea43f6d924f{font-size:30px;}}@media (max-width:479px){.vcex-heading.vcex_69ea43f6d924f{font-size:30px;}}<\/style><h1 class=\"vcex-heading vcex-heading-plain vcex-module wpex-heading wpex-text-2xl vcex_69ea43f6d924f\"><span class=\"vcex-heading-inner wpex-inline-block\">Service client Mibox et zone g\u00e9ographique<\/span><\/h1>[\/vc_column][\/vc_row][vc_row css=&#8221;.vc_custom_1565240826567{padding-top: 60px !important;}&#8221; visibility=&#8221;hidden-phone&#8221;][vc_column]<h2 class=\"vcex-heading vcex-heading-plain vcex-module wpex-heading wpex-text-2xl wpex-text-center\"><span class=\"vcex-heading-inner wpex-inline-block\">MIBOX is the specialist in tray forming machines<\/span><\/h2><style> style=\"padding-block:20px;\"<\/style><div class=\"vcex-module vcex-divider-dots wpex-mx-auto wpex-last-mr-0 wpex-text-center\" style=\"padding-block:20px;\"><span class=\"wpex-inline-block wpex-rounded-full wpex-mr-10\" style=\"background:#0092c1;height:8px;width:8px;\"><\/span><span class=\"wpex-inline-block wpex-rounded-full wpex-mr-10\" style=\"background:#0092c1;height:8px;width:8px;\"><\/span><span class=\"wpex-inline-block wpex-rounded-full wpex-mr-10\" style=\"background:#0092c1;height:8px;width:8px;\"><\/span><\/div>[\/vc_column][\/vc_row][vc_row][vc_column][vc_column_text]<strong>MIBOX; more than 25 years of experience.<\/strong><\/p>\n<p>With more than 25 years of experience in designing and manufacturing machines for gluing and erecting corrugated cardboard trays.<br \/>\nMIBOX builds a series of tray forming solutions for industrial packaging lines. MIBOX also offers a stacker for making stacks of folded and glued trays from our box erectors.<\/p>\n<p>MIBOX has a complete range of multi-format tray folding solutions:<br \/>\nCardboard folding and gluing machines &#8211; tray erectors for conic boxes &#8211; carton blanks erector machines &#8211; ledge folding machines &#8211; box erectors for forming trays with stacking edges and for boxes with reinforced corners &#8230; Discover the examples of cardboard boxes produced with a MIBOX trayforming machine.<\/p>\n<p>MIBOX stands for robustness and reliability. We continuously invest in the further development of our high-quality machines that can set up large volumes and always fold and glue the trays perfectly with a very high production speed.<\/p>\n<p>We also supply lidding machines and box closing machines.[\/vc_column_text][\/vc_column][\/vc_row][vc_row column_spacing=&#8221;60&#8243; css=&#8221;.vc_custom_1548845324976{margin-bottom: 50px !important;}&#8221;][vc_column width=&#8221;1\/2&#8243;][vc_video link=&#8221;https:\/\/youtu.be\/0OFH6Laxl6E&#8221;][vc_column_text][\/vc_column_text]<div class=\"vcex-spacing wpex-w-100 wpex-clear\" style=\"height:40px;\"><\/div><a href=\"http:\/\/www.mibox.nl\/en\/contact-us\/\" class=\"vcex-button theme-button inline\"><span class=\"vcex-button-inner theme-button-inner wpex-flex wpex-flex-wrap wpex-items-center wpex-justify-center\">CONTACT<span class=\"vcex-button-icon vcex-icon-wrap theme-button-icon-right\"><span class=\"wpex-icon wpex-icon--bidi\" aria-hidden=\"true\"><svg xmlns=\"http:\/\/www.w3.org\/2000\/svg\" viewBox=\"0 0 320 512\"><path d=\"M278.6 233.4c12.5 12.5 12.5 32.8 0 45.3l-160 160c-12.5 12.5-32.8 12.5-45.3 0s-12.5-32.8 0-45.3L210.7 256 73.4 118.6c-12.5-12.5-12.5-32.8 0-45.3s32.8-12.5 45.3 0l160 160z\"\/><\/svg><\/span><\/span><\/span><\/a> [\/vc_column][vc_column width=&#8221;1\/2&#8243;][vc_video link=&#8221;https:\/\/youtu.be\/JWpj50LQaXI&#8221;][\/vc_column][\/vc_row][vc_row full_width=&#8221;stretch_row&#8221; content_placement=&#8221;middle&#8221; column_spacing=&#8221;60&#8243; disable_element=&#8221;yes&#8221; local_scroll_id=&#8221;B30H&#8221; css=&#8221;.vc_custom_1573911555950{padding-top: 80px !important;padding-bottom: 30px !important;background-color: #f7f7f7 !important;}&#8221;][vc_column width=&#8221;2\/3&#8243;][vc_single_image image=&#8221;4148&#8243;][\/vc_column][vc_column width=&#8221;1\/3&#8243;][vc_single_image image=&#8221;4087&#8243;]<div class=\"vcex-spacing wpex-w-100 wpex-clear\"><\/div>[vc_column_text font_size=&#8221;20px&#8221; line_height=&#8221;32px&#8221;]Les <a href=\"https:\/\/formeusebarquetteuse-mibox.com\/machines-a-carton\/formeuse-de-carton-et-caisse\/\" target=\"_blank\" rel=\"noopener\">Formeuses carton<\/a> \u00e9galement <a href=\"https:\/\/formeusebarquetteuse-mibox.com\/machines-a-carton\/barquetteuse-carton\/\" target=\"_blank\" rel=\"noopener\">Barquetteuses carton<\/a> <strong>MIBOX<\/strong> sont \u00e9tudi\u00e9es et fabriqu\u00e9es en France pour vous offrir une garantie \u00e9tendue, \u00e0 votre porte ! Parcourez le <a href=\"https:\/\/formeusebarquetteuse-mibox.com\/\" target=\"_blank\" rel=\"noopener\"><strong>site MIBOX<\/strong><\/a> pour plus d&#8217;informations.[\/vc_column_text][\/vc_column][\/vc_row][vc_row full_width=&#8221;stretch_row&#8221; content_placement=&#8221;middle&#8221; column_spacing=&#8221;60&#8243; disable_element=&#8221;yes&#8221; columns_right=&#8221;yes&#8221; local_scroll_id=&#8221;B30&#8243; css=&#8221;.vc_custom_1573911566940{padding-top: 80px !important;padding-bottom: 30px !important;}&#8221;][vc_column width=&#8221;2\/3&#8243;][vc_single_image image=&#8221;4149&#8243;][\/vc_column][vc_column width=&#8221;1\/3&#8243;][vc_column_text font_size=&#8221;20px&#8221; line_height=&#8221;32px&#8221; css=&#8221;.vc_custom_1559784833560{padding-right: 20px !important;padding-left: 20px !important;}&#8221;]Jour apr\u00e8s jour, par des outillages usin\u00e9s, nos <strong><a href=\"https:\/\/formeusebarquetteuse-mibox.com\/machines-a-carton\/\" target=\"_blank\" rel=\"noopener\">Formeuses Barquetteuses MIBOX<\/a> <\/strong>plient du carton en cadence et avec pr\u00e9cision.[\/vc_column_text][\/vc_column][\/vc_row][vc_row full_width=&#8221;stretch_row&#8221; content_placement=&#8221;middle&#8221; column_spacing=&#8221;60&#8243; disable_element=&#8221;yes&#8221; local_scroll_id=&#8221;B30H&#8221; css=&#8221;.vc_custom_1573911579887{padding-top: 80px !important;padding-bottom: 30px !important;background-color: #f7f7f7 !important;}&#8221;][vc_column width=&#8221;2\/3&#8243;][vc_single_image image=&#8221;4145&#8243;][\/vc_column][vc_column width=&#8221;1\/3&#8243;][vc_column_text font_size=&#8221;20px&#8221; line_height=&#8221;32px&#8221; css=&#8221;.vc_custom_1560608896731{padding-right: 20px !important;padding-left: 20px !important;}&#8221;]Des <a href=\"https:\/\/formeusebarquetteuse-mibox.com\/machines-a-carton\/\" target=\"_blank\" rel=\"noopener\"><strong>machines \u00e0 carton<\/strong><\/a> Simples et rapides dans leurs r\u00e9glages et leur maintenance, les <strong><a href=\"https:\/\/formeusebarquetteuse-mibox.com\/machines-a-carton\/formeuse-de-carton-et-caisse\/\" target=\"_blank\" rel=\"noopener\">Formeuses Mibox<\/a><\/strong> o\u00f9 <a href=\"https:\/\/formeusebarquetteuse-mibox.com\/machines-a-carton\/barquetteuse-carton\/\" target=\"_blank\" rel=\"noopener\"><strong>Barquetteuses MIBOX<\/strong><\/a> font la joie de leurs utilisateurs, de ceux qui nous ont choisis. Les <strong>Formeuses<\/strong> et <strong>Barquetteuses<\/strong> <strong>MIBOX<\/strong> sont pl\u00e9biscit\u00e9es dans <strong><a href=\"https:\/\/formeusebarquetteuse-mibox.com\/services-client-mibox-multibox\/#MIBOX-en-Europe\" target=\"_blank\" rel=\"noopener\">toute l&#8217;Europe.<\/a><\/strong>[\/vc_column_text][\/vc_column][\/vc_row][vc_row full_width=&#8221;stretch_row&#8221; content_placement=&#8221;middle&#8221; column_spacing=&#8221;60&#8243; disable_element=&#8221;yes&#8221; columns_right=&#8221;yes&#8221; local_scroll_id=&#8221;B30&#8243; css=&#8221;.vc_custom_1573911591375{padding-top: 80px !important;padding-bottom: 30px !important;}&#8221;][vc_column width=&#8221;2\/3&#8243;][vc_single_image image=&#8221;4120&#8243;][\/vc_column][vc_column width=&#8221;1\/3&#8243;][vc_column_text font_size=&#8221;20px&#8221; line_height=&#8221;32px&#8221; css=&#8221;.vc_custom_1559785167584{padding-right: 20px !important;padding-left: 20px !important;}&#8221;]Besoin d\u2019un t<strong>echnicien Mibox<\/strong> disponible ? De pi\u00e8ces Mibox en stocks ? D\u2019un transfert de comp\u00e9tence ? <strong>MIBOX <\/strong>vous propose un <a href=\"https:\/\/formeusebarquetteuse-mibox.com\/services-client\/\" target=\"_blank\" rel=\"noopener\">service<\/a> \u00ab \u00e0 votre mesure \u00bb.[\/vc_column_text][\/vc_column][\/vc_row][vc_row visibility=&#8221;hidden-phone&#8221;][vc_column]<div class=\"vcex-module vcex-divider vcex-divider-solid vcex-divider-center wpex-mx-auto wpex-block wpex-h-0 wpex-border-b wpex-border-solid wpex-border-main\"><\/div><div class=\"vcex-spacing wpex-w-100 wpex-clear\" style=\"height:80px;\"><\/div><h2 class=\"vcex-heading vcex-heading-plain vcex-module wpex-heading wpex-text-2xl wpex-text-center\"><span class=\"vcex-heading-inner wpex-inline-block\">MIBOX present in all of Europa<\/span><\/h2><style> style=\"padding-block-start:20px;padding-block-end:60px;\"<\/style><div class=\"vcex-module vcex-divider-dots wpex-mx-auto wpex-last-mr-0 wpex-text-center\" style=\"padding-block-start:20px;padding-block-end:60px;\"><span class=\"wpex-inline-block wpex-rounded-full wpex-mr-10\" style=\"background:#0092c1;height:8px;width:8px;\"><\/span><span class=\"wpex-inline-block wpex-rounded-full wpex-mr-10\" style=\"background:#0092c1;height:8px;width:8px;\"><\/span><span class=\"wpex-inline-block wpex-rounded-full wpex-mr-10\" style=\"background:#0092c1;height:8px;width:8px;\"><\/span><\/div>[vc_single_image image=&#8221;3975&#8243; alignment=&#8221;center&#8221;][vc_column_text]<strong>SMALL COMPANIES, SMES AND MULTINATIONALS<\/strong>, more than <strong>200 production<\/strong> companies in Europe, equipped with the latest machines from the <strong>MIBOX<\/strong> series, with the most machines in the <strong>food processing industry<\/strong>, but also in logistics and manufacturing. People from the same industry you are in, people with the same profession as you and many other professionals preceded you. You want to know why? Let&#8217;s visit them together and ask them![\/vc_column_text][\/vc_column][\/vc_row][vc_row column_spacing=&#8221;60&#8243; disable_element=&#8221;yes&#8221; css=&#8221;.vc_custom_1558011048079{margin-top: 20px !important;margin-bottom: 60px !important;}&#8221;][vc_column width=&#8221;1\/3&#8243;][vc_column_text]<strong>SMITHFIELD FOODS<\/strong><\/p>\n<ul>\n<li>Animex (Ilawa, Elk, Morliny, Opole,\u00a0Starachowice, Suwalki, Szczecin)<\/li>\n<li>SC Smithfield Prod SRL<\/li>\n<\/ul>\n<p><strong>TER BEKE<\/strong><\/p>\n<ul>\n<li>Come a Casa<\/li>\n<li>NV Ter Beke Vleeswarenproductie<\/li>\n<li>Pasta food Company<\/li>\n<li>Les Nutons SA<\/li>\n<li>Pluma NV Wommelgem<\/li>\n<\/ul>\n<p><strong>EFKO<\/strong><\/p>\n<ul>\n<li>EFKO Frischfrucht und Delikatessen<\/li>\n<li>VITANA Salat und Frischeservice GmbH<\/li>\n<li>Machland Obst-und gemuse delikatessen GMBH<\/li>\n<\/ul>\n[\/vc_column_text][\/vc_column][vc_column width=&#8221;1\/3&#8243;][vc_column_text]<strong>LIEKEN<\/strong><\/p>\n<ul>\n<li>Lieken Brot- und Backwaren GmbH\u00a0(Bietigheim, Essen, Garrel, Lunen, Ludersdorf)<\/li>\n<li>Zimmerman GmbH (Brehna, Crailsheim)<\/li>\n<\/ul>\n<hr \/>\n<ul>\n<li>Alysse Food NV<\/li>\n<li>Avondale<\/li>\n<li>Bakkerij Roelandt NV (Lokeren, Zele)<\/li>\n<li>Biscuiterie Thijs<\/li>\n<li>Jaus Bakery GmbH<\/li>\n<li>Kronenbrot KG (K\u00f6ln, Witten, W\u00fcrselen)<\/li>\n<li>Plukon (Maasmechelen, Mouscron, Olen)<\/li>\n<\/ul>\n[\/vc_column_text][\/vc_column][vc_column width=&#8221;1\/3&#8243;][vc_column_text]\n<ul>\n<li>BBS Food BV<\/li>\n<li>CUKRY NYSKIE<\/li>\n<li>D\u00e9lices de Comines SA<\/li>\n<li>Fine Food Feinkost M\u00fchlenberg GmbH<\/li>\n<li>Gardeners\u2019s Pride Beetgum BV<\/li>\n<li>Kuchenmeister<\/li>\n<li>Kwekerij de Stigt<\/li>\n<li>Lumar<\/li>\n<li>Nowaste Logistics AB<\/li>\n<li>NV Confi serie Trefi n<\/li>\n<li>Otmuchow<\/li>\n<li>Paasfood<\/li>\n<li>Paul Daut GmbH &amp; Co.KG<\/li>\n<li>Pekakroef<\/li>\n<li>Plukon Processing Ommel B.V.<\/li>\n<li>Resus Industries NV<\/li>\n<li>Roelandt Artisan NV<\/li>\n<li>Storteboom Brink BV<\/li>\n<li>Trosdorfer Landb\u00e4ckerei GmbH<\/li>\n<li>Twinburg BV<\/li>\n<li>Vitensa<\/li>\n<li>Vleems Bakery<\/li>\n<li>Wysoka<\/li>\n<\/ul>\n[\/vc_column_text][\/vc_column][\/vc_row]\n<\/div>","protected":false},"excerpt":{"rendered":"<p>[vc_row full_width=&#8221;stretch_row_content_no_spaces&#8221; wpex_bg_overlay=&#8221;dark&#8221; css=&#8221;.vc_custom_1584539505550{padding-top: 90px !important;padding-bottom: 60px !important;background-image: url(https:\/\/www.mibox.nl\/wp-content\/uploads\/2020\/03\/formeuse-carton-MIBOXservices.jpg?id=3667) !important;background-position: center !important;background-repeat: no-repeat !important;background-size: cover !important;}&#8221; wpex_bg_overlay_opacity=&#8221;0.4&#8243; wpex_bg_position=&#8221;top center&#8221; visibility=&#8221;hidden-phone&#8221;][vc_column][\/vc_column][\/vc_row][vc_row visibility=&#8221;visible-phone&#8221;][vc_column][vc_single_image image=&#8221;4172&#8243; img_size=&#8221;740&#215;280&#8243; add_caption=&#8221;yes&#8221; alignment=&#8221;center&#8221; img_caption=&#8221;Klantenservice Mibox&#8221;][\/vc_column][\/vc_row][vc_row disable_element=&#8221;yes&#8221; visibility=&#8221;visible-phone&#8221;][vc_column][\/vc_column][\/vc_row][vc_row css=&#8221;.vc_custom_1565240826567{padding-top: 60px !important;}&#8221; visibility=&#8221;hidden-phone&#8221;][vc_column][\/vc_column][\/vc_row][vc_row][vc_column][vc_column_text]MIBOX; more than 25 years of experience. With more than 25 years of experience in designing and manufacturing machines for gluing and erecting&hellip;<\/p>\n","protected":false},"author":8,"featured_media":0,"parent":0,"menu_order":0,"comment_status":"closed","ping_status":"closed","template":"","meta":{"_exactmetrics_skip_tracking":false,"_exactmetrics_sitenote_active":false,"_exactmetrics_sitenote_note":"","_exactmetrics_sitenote_category":0,"footnotes":""},"class_list":["post-3803","page","type-page","status-publish","hentry","entry","no-media"],"_links":{"self":[{"href":"https:\/\/www.mibox.nl\/en\/wp-json\/wp\/v2\/pages\/3803","targetHints":{"allow":["GET"]}}],"collection":[{"href":"https:\/\/www.mibox.nl\/en\/wp-json\/wp\/v2\/pages"}],"about":[{"href":"https:\/\/www.mibox.nl\/en\/wp-json\/wp\/v2\/types\/page"}],"author":[{"embeddable":true,"href":"https:\/\/www.mibox.nl\/en\/wp-json\/wp\/v2\/users\/8"}],"replies":[{"embeddable":true,"href":"https:\/\/www.mibox.nl\/en\/wp-json\/wp\/v2\/comments?post=3803"}],"version-history":[{"count":2,"href":"https:\/\/www.mibox.nl\/en\/wp-json\/wp\/v2\/pages\/3803\/revisions"}],"predecessor-version":[{"id":4204,"href":"https:\/\/www.mibox.nl\/en\/wp-json\/wp\/v2\/pages\/3803\/revisions\/4204"}],"wp:attachment":[{"href":"https:\/\/www.mibox.nl\/en\/wp-json\/wp\/v2\/media?parent=3803"}],"curies":[{"name":"wp","href":"https:\/\/api.w.org\/{rel}","templated":true}]}}